{"id":2,"date":"2008-01-31T02:58:46","date_gmt":"2008-01-31T07:58:46","guid":{"rendered":""},"modified":"2018-01-14T22:20:10","modified_gmt":"2018-01-15T06:20:10","slug":"sobre","status":"publish","type":"page","link":"http:\/\/www.andreanolanusse.com\/pt\/sobre\/","title":{"rendered":"Sobre"},"content":{"rendered":"<p>Sou brasileiro, nos EUA desde 2006, onde trabalhei por muitos anos na Borland Latin America e em 2006 fui convidado a trabalhar para a Borland Software Corp em Scotts Valley sendo respons\u00e1vel t\u00e9cnico para toda a America Latina, em 2008 com a aquisi\u00e7\u00e3o da divis\u00e3o de ferramentas da Borland pela Embarcadero Technologies passei a trabalhar para a Embarcadero como Senior Software Consultant e depois promovido a Evangelista L\u00edder para todo o mundo. Depois resolvi mudar e trabalhar\u00a0para a Rally Software empresa l\u00edder em Agile ALM, nela atuei\u00a0como Technical Account Manager e Enterprise Agile Evangelist. Atualmente trabalhar para a AirWatch by VMWare, onde lidera a Equipe de Sales Engineers para a America Latina.<\/p>\n<p>Sou um apaixonado por tecnologia, formado em Administra\u00e7\u00e3o de Empresas, MBA em Gest\u00e3o de Projetos pela FGV, certificado em Product Management pela Universidade da California, Berkeley &#8211;\u00a0Walter A. Haas School of Business e p\u00f3s graduado em Lideran\u00e7a e Gest\u00e3o pela mesma.<\/p>\n<p>Durante meus 16 anos de experi\u00eancia na ind\u00fastria do software, passei por diversas fun\u00e7\u00f5es sempre relacionadas desde a concep\u00e7\u00e3o, arquitetura, desenvolvimento e gest\u00e3o de projetos, com o meu in\u00edcio na Borland Brasil em 1995 e a chegada do IDE que revolucionaria o desenvolvimento de software me tornei o Evangelista L\u00edder da Borland no Brasil, a partir dai passei a atuar com as mais diversas tecnologias al\u00e9m de s\u00f3lido conhecimento e experi\u00eancia em processos de desenvolvimento, gest\u00e3o de projetos, requisitos, mudan\u00e7a e testes.<\/p>\n<p>O prop\u00f3sito do meu website \u00e9 compartilhar assuntos relacionados a desenvolvimento de software, tecnologia, lideran\u00e7a e incr\u00edveis lugares que visitei, filmes que assisti e gostei, jogos que realmente curto (sou f\u00e3 do PS3), fotos de lugares legais e muito mais.<\/p>\n<p>Voc\u00ea pode me encontrar nas seguintes redes sociais, basta clicar nos seguintes \u00edcones:<\/p>\n<div style=\"display: inline-block; margin-right: 5px;\"><a href=\"http:\/\/twitter.com\/andreanolanusse\" target=\"_blank\" rel=\"noopener\"><img loading=\"lazy\" decoding=\"async\" class=\"size-full wp-image-1488 aligncenter\" style=\"border-image: initial; margin-top: 4px; margin-bottom: 4px; border: 0px initial initial;\" title=\"Siga-me no Twitter\" src=\"http:\/\/www.andreanolanusse.com\/pt\/wp-content\/uploads\/2008\/01\/twitter2.png\" alt=\"\" width=\"64\" height=\"64\" srcset=\"http:\/\/www.andreanolanusse.com\/pt\/wp-content\/uploads\/2008\/01\/twitter2.png 64w, http:\/\/www.andreanolanusse.com\/pt\/wp-content\/uploads\/2008\/01\/twitter2-36x36.png 36w\" sizes=\"(max-width: 64px) 100vw, 64px\" \/><\/a><\/div>\n<div style=\"display: inline-block; margin-right: 5px;\"><a href=\"http:\/\/linkedin.com\/in\/andreanolanusse\" target=\"_blank\" rel=\"noopener\"><img loading=\"lazy\" decoding=\"async\" class=\"size-full wp-image-1489 aligncenter\" style=\"border-image: initial; margin-top: 4px; margin-bottom: 4px; border: 0px initial initial;\" title=\"Meu perfil no Linkedin\" src=\"http:\/\/www.andreanolanusse.com\/pt\/wp-content\/uploads\/2008\/01\/linkedin.png\" alt=\"\" width=\"64\" height=\"64\" srcset=\"http:\/\/www.andreanolanusse.com\/pt\/wp-content\/uploads\/2008\/01\/linkedin.png 64w, http:\/\/www.andreanolanusse.com\/pt\/wp-content\/uploads\/2008\/01\/linkedin-36x36.png 36w\" sizes=\"(max-width: 64px) 100vw, 64px\" \/><\/a><\/div>\n<div style=\"display: inline-block; margin-right: 5px;\"><a href=\"http:\/\/gplus.to\/andreano\" target=\"_blank\" rel=\"noopener\"><img loading=\"lazy\" decoding=\"async\" class=\"size-full wp-image-1492 aligncenter\" style=\"border-image: initial; margin-top: 4px; margin-bottom: 4px; border: 0px initial initial;\" title=\"Google Plus\" src=\"http:\/\/www.andreanolanusse.com\/pt\/wp-content\/uploads\/2008\/01\/googleplusalt.png\" alt=\"\" width=\"64\" height=\"64\" srcset=\"http:\/\/www.andreanolanusse.com\/pt\/wp-content\/uploads\/2008\/01\/googleplusalt.png 64w, http:\/\/www.andreanolanusse.com\/pt\/wp-content\/uploads\/2008\/01\/googleplusalt-36x36.png 36w\" sizes=\"(max-width: 64px) 100vw, 64px\" \/><\/a><\/div>\n<p>Obrigado por acessar o meu blog, espero que o conte\u00fado aqui publicado seja do seu interesse.<\/p>\n<p>Um grande abra\u00e7o,<\/p>\n<p>Andreano Lanusse<br \/>\n<img decoding=\"async\" src=\"http:\/\/www.andreanolanusse.com\/images\/Monterey.jpg\" alt=\"Andreano Lanusse\" \/><\/p>\n","protected":false},"excerpt":{"rendered":"<p>Sou brasileiro, nos EUA desde 2006, onde trabalhei por muitos anos na Borland Latin America e em 2006 fui convidado a trabalhar para a Borland Software Corp em Scotts Valley sendo respons\u00e1vel t\u00e9cnico para toda a America Latina, em 2008 com a aquisi\u00e7\u00e3o da divis\u00e3o de ferramentas da Borland pela Embarcadero Technologies passei a trabalhar [&hellip;]<\/p>\n","protected":false},"author":1,"featured_media":0,"parent":0,"menu_order":0,"comment_status":"closed","ping_status":"open","template":"","meta":{"_monsterinsights_skip_tracking":false,"_monsterinsights_sitenote_active":false,"_monsterinsights_sitenote_note":"","_monsterinsights_sitenote_category":0,"_s2mail":"yes","footnotes":""},"yoast_head":"<!-- This site is optimized with the Yoast SEO plugin v16.2 - https:\/\/yoast.com\/wordpress\/plugins\/seo\/ -->\n<title>Sobre | Andreano Lanusse | Tecnologia e Desenvolvimento de Software<\/title>\n<meta name=\"robots\" content=\"index, follow, max-snippet:-1, max-image-preview:large, max-video-preview:-1\" \/>\n<link rel=\"canonical\" href=\"http:\/\/www.andreanolanusse.com\/pt\/sobre\/\" \/>\n<meta property=\"og:locale\" content=\"pt_BR\" \/>\n<meta property=\"og:type\" content=\"article\" \/>\n<meta property=\"og:title\" content=\"Sobre | Andreano Lanusse | Tecnologia e Desenvolvimento de Software\" \/>\n<meta property=\"og:description\" content=\"Sou brasileiro, nos EUA desde 2006, onde trabalhei por muitos anos na Borland Latin America e em 2006 fui convidado a trabalhar para a Borland Software Corp em Scotts Valley sendo respons\u00e1vel t\u00e9cnico para toda a America Latina, em 2008 com a aquisi\u00e7\u00e3o da divis\u00e3o de ferramentas da Borland pela Embarcadero Technologies passei a trabalhar [&hellip;]\" \/>\n<meta property=\"og:url\" content=\"http:\/\/www.andreanolanusse.com\/pt\/sobre\/\" \/>\n<meta property=\"og:site_name\" content=\"Andreano Lanusse | Tecnologia e Desenvolvimento de Software\" \/>\n<meta property=\"article:modified_time\" content=\"2018-01-15T06:20:10+00:00\" \/>\n<meta property=\"og:image\" content=\"http:\/\/www.andreanolanusse.com\/pt\/wp-content\/uploads\/2008\/01\/twitter2.png\" \/>\n<meta name=\"twitter:card\" content=\"summary_large_image\" \/>\n<meta name=\"twitter:site\" content=\"@andreanolanusse\" \/>\n<meta name=\"twitter:label1\" content=\"Est. tempo de leitura\">\n\t<meta name=\"twitter:data1\" content=\"2 minutos\">\n<script type=\"application\/ld+json\" class=\"yoast-schema-graph\">{\"@context\":\"https:\/\/schema.org\",\"@graph\":[{\"@type\":[\"Person\",\"Organization\"],\"@id\":\"http:\/\/www.andreanolanusse.com\/pt\/#\/schema\/person\/620bd05e81598c3aba4781796cbe8903\",\"name\":\"Andreano Lanusse\",\"image\":{\"@type\":\"ImageObject\",\"@id\":\"http:\/\/www.andreanolanusse.com\/pt\/#personlogo\",\"inLanguage\":\"pt-BR\",\"url\":\"http:\/\/0.gravatar.com\/avatar\/6a9c6f73c7c480fb826c7303288abfd3?s=96&d=mm&r=g\",\"contentUrl\":\"http:\/\/0.gravatar.com\/avatar\/6a9c6f73c7c480fb826c7303288abfd3?s=96&d=mm&r=g\",\"caption\":\"Andreano Lanusse\"},\"logo\":{\"@id\":\"http:\/\/www.andreanolanusse.com\/pt\/#personlogo\"},\"sameAs\":[\"https:\/\/twitter.com\/andreanolanusse\"]},{\"@type\":\"WebSite\",\"@id\":\"http:\/\/www.andreanolanusse.com\/pt\/#website\",\"url\":\"http:\/\/www.andreanolanusse.com\/pt\/\",\"name\":\"Andreano Lanusse | Tecnologia e Desenvolvimento de Software\",\"description\":\"Andreano Lanusse blog - artigos, tutoriais e v&iacute;deos sobre tecnologia, desenvolvimento de software (Delphi XE4, C#, PHP, .NET) e t&eacute;cnicas de programa&ccedil;&atilde;o\",\"publisher\":{\"@id\":\"http:\/\/www.andreanolanusse.com\/pt\/#\/schema\/person\/620bd05e81598c3aba4781796cbe8903\"},\"potentialAction\":[{\"@type\":\"SearchAction\",\"target\":\"http:\/\/www.andreanolanusse.com\/pt\/?s={search_term_string}\",\"query-input\":\"required name=search_term_string\"}],\"inLanguage\":\"pt-BR\"},{\"@type\":\"ImageObject\",\"@id\":\"http:\/\/www.andreanolanusse.com\/pt\/sobre\/#primaryimage\",\"inLanguage\":\"pt-BR\",\"url\":\"http:\/\/www.andreanolanusse.com\/pt\/wp-content\/uploads\/2008\/01\/twitter2.png\",\"contentUrl\":\"http:\/\/www.andreanolanusse.com\/pt\/wp-content\/uploads\/2008\/01\/twitter2.png\",\"width\":64,\"height\":64},{\"@type\":\"WebPage\",\"@id\":\"http:\/\/www.andreanolanusse.com\/pt\/sobre\/#webpage\",\"url\":\"http:\/\/www.andreanolanusse.com\/pt\/sobre\/\",\"name\":\"Sobre | Andreano Lanusse | Tecnologia e Desenvolvimento de Software\",\"isPartOf\":{\"@id\":\"http:\/\/www.andreanolanusse.com\/pt\/#website\"},\"primaryImageOfPage\":{\"@id\":\"http:\/\/www.andreanolanusse.com\/pt\/sobre\/#primaryimage\"},\"datePublished\":\"2008-01-31T07:58:46+00:00\",\"dateModified\":\"2018-01-15T06:20:10+00:00\",\"breadcrumb\":{\"@id\":\"http:\/\/www.andreanolanusse.com\/pt\/sobre\/#breadcrumb\"},\"inLanguage\":\"pt-BR\",\"potentialAction\":[{\"@type\":\"ReadAction\",\"target\":[\"http:\/\/www.andreanolanusse.com\/pt\/sobre\/\"]}]},{\"@type\":\"BreadcrumbList\",\"@id\":\"http:\/\/www.andreanolanusse.com\/pt\/sobre\/#breadcrumb\",\"itemListElement\":[{\"@type\":\"ListItem\",\"position\":1,\"item\":{\"@type\":\"WebPage\",\"@id\":\"http:\/\/www.andreanolanusse.com\/pt\/\",\"url\":\"http:\/\/www.andreanolanusse.com\/pt\/\",\"name\":\"In\\u00edcio\"}},{\"@type\":\"ListItem\",\"position\":2,\"item\":{\"@id\":\"http:\/\/www.andreanolanusse.com\/pt\/sobre\/#webpage\"}}]}]}<\/script>\n<!-- \/ Yoast SEO plugin. -->","_links":{"self":[{"href":"http:\/\/www.andreanolanusse.com\/pt\/wp-json\/wp\/v2\/pages\/2"}],"collection":[{"href":"http:\/\/www.andreanolanusse.com\/pt\/wp-json\/wp\/v2\/pages"}],"about":[{"href":"http:\/\/www.andreanolanusse.com\/pt\/wp-json\/wp\/v2\/types\/page"}],"author":[{"embeddable":true,"href":"http:\/\/www.andreanolanusse.com\/pt\/wp-json\/wp\/v2\/users\/1"}],"replies":[{"embeddable":true,"href":"http:\/\/www.andreanolanusse.com\/pt\/wp-json\/wp\/v2\/comments?post=2"}],"version-history":[{"count":0,"href":"http:\/\/www.andreanolanusse.com\/pt\/wp-json\/wp\/v2\/pages\/2\/revisions"}],"wp:attachment":[{"href":"http:\/\/www.andreanolanusse.com\/pt\/wp-json\/wp\/v2\/media?parent=2"}],"curies":[{"name":"wp","href":"https:\/\/api.w.org\/{rel}","templated":true}]}}